{"id":10059,"date":"2014-10-31T10:02:59","date_gmt":"2014-10-31T10:02:59","guid":{"rendered":"http:\/\/www.riveraj.hr\/?page_id=10059"},"modified":"2014-11-17T18:38:00","modified_gmt":"2014-11-17T18:38:00","slug":"dobrodosli","status":"publish","type":"page","link":"http:\/\/www.riveraj.hr\/?page_id=10059&lang=hr","title":{"rendered":"Dobrodo\u0161li"},"content":{"rendered":"<div id=\"pg-10059-0\"  class=\"panel-grid\" ><div class=\"panel-grid-core\"><div id=\"pgc-10059-0-0\"  class=\"panel-grid-cell\" ><div class=\"panel-widget-style\" ><div class=\"animated start-fadeIn\" title=\"0\"><p><span style=\"color: #000000;\">RiveRaj je kao \u0161to samo ime daje naslutiti (eng. river=rijeka i hr. raj) zami\u0161ljen kao \u201eraj na rijeci\u201c i to na, usudimo se re\u0107i, najljep\u0161oj hrvatskoj rijeci \u2013 Mre\u017enici. Pa\u017eljivo odabran polo\u017eaj riveRaja smje\u0161tenog uz prekrasan mre\u017eni\u010dki slap, tik uz bok rijeke, obe\u0107ava \u010dudesan osje\u0107aj svakom gostu \u017eeljnom dotaknuti \u010dari iskonske i netaknute prirode.<\/span><\/p><p><span style=\"color: #000000;\">Atmosfera profinjenosti kojom odi\u0161e luksuzno opremljena drvena ku\u0107a vi\u0161e je nego vrijedan dodatak ovom inspirativnom rije\u010dkom raju koji se u svojoj rasko\u0161i nudi jednakom ljepotom kroz sva godi\u0161nje doba.<\/span><\/p><p><span style=\"color: #000000;\">I doista, pravi je izazov odlu\u010diti u kojem godi\u0161njem dobu se ogleda najve\u0107a \u010darolija riveRaja:<\/span><\/p><p><span style=\"color: #000000;\"><strong>JESENI?<\/strong> \u2013 kada hladno\u0107a vode oduzme \u017eelju za kupanjem u rijeci a topla voda jacuzzija spremno \u010deka na otvorenoj terasi da se prepustite...<\/span><\/p><p><span style=\"color: #000000;\"><strong>ZIMI?<\/strong> \u2013 kada bijela boja tako rasko\u0161no oboji prirodu da ljepotu te\u0161ko mo\u017ee istopiti i rasplesana vatra u unutarnjem otvorenom kaminu ...<\/span><\/p><p><span style=\"color: #000000;\"><strong>PROLJE\u0106U?<\/strong> \u2013 kada se kroz velike staklene stijene dnevnog boravka igra ponovnog ra\u0111anja prirode nudi kao na dlanu...<\/span><\/p><p><span style=\"color: #000000;\"><strong>LJETI?<\/strong> \u2013 kada kupanje u kristalno bistroj Mre\u017enici te okrijepa na otvorenoj terasi uz rasko\u0161no ure\u0111en ro\u0161tilj ili kru\u0161nu pe\u0107, pru\u017eaju osje\u0107aj da ste zaista u raju...\"<\/span><\/p><\/div><div class=\"clearboth\"><\/div><\/div><\/div><\/div><\/div><div id=\"pg-10059-1\"  class=\"panel-grid\" ><div class=\"panel-grid-core\"><div id=\"pgc-10059-1-0\"  class=\"panel-grid-cell\" ><div class=\"panel-widget-style\" >\r\n<div class=\"rslides-sc\" data-height=\"449\">\r\n<div class=\"rslides-container\">\r\n<div class=\"rslides-inner\">\r\n\t<ul class=\"slides\">\r\n\t\t\t\t<li>\r\n\t<img src=\"http:\/\/www.riveraj.hr\/wp-content\/themes\/Minamaze_Pro\/images\/transparent.png\" style=\"background: url(http:\/\/www.riveraj.hr\/wp-content\/uploads\/2014\/10\/Kuca_side_livada.jpg) no-repeat center; background-size: cover;\" alt=\"Demo Image\" \/>\r\n\t<\/li>\r\n\t\t\t\t<li>\r\n\t<img src=\"http:\/\/www.riveraj.hr\/wp-content\/themes\/Minamaze_Pro\/images\/transparent.png\" style=\"background: url(http:\/\/www.riveraj.hr\/wp-content\/uploads\/2014\/10\/Kuca_parking.jpg) no-repeat center; background-size: cover;\" alt=\"Demo Image\" \/>\r\n\t<\/li>\r\n\t\t\t\t<li>\r\n\t<img src=\"http:\/\/www.riveraj.hr\/wp-content\/themes\/Minamaze_Pro\/images\/transparent.png\" style=\"background: url(http:\/\/www.riveraj.hr\/wp-content\/uploads\/2014\/10\/Terasa_stol.jpg) no-repeat center; background-size: cover;\" alt=\"Demo Image\" \/>\r\n\t<\/li>\r\n\t\t\t\t<li>\r\n\t<img src=\"http:\/\/www.riveraj.hr\/wp-content\/themes\/Minamaze_Pro\/images\/transparent.png\" style=\"background: url(http:\/\/www.riveraj.hr\/wp-content\/uploads\/2014\/10\/Jacuzzi_sumrak.jpg) no-repeat center; background-size: cover;\" alt=\"Demo Image\" \/>\r\n\t<\/li>\r\n\t\t<\/ul>\r\n<\/div>\r\n<\/div>\r\n<\/div><\/div><\/div><\/div><\/div>","protected":false},"excerpt":{"rendered":"<p>RiveRaj je kao \u0161to samo ime daje naslutiti (eng. river=rijeka i hr. raj) zami\u0161ljen kao \u201eraj na rijeci\u201c i to na, usudimo se re\u0107i, najljep\u0161oj hrvatskoj rijeci \u2013 Mre\u017enici. Pa\u017eljivo odabran polo\u017eaj riveRaja smje\u0161tenog uz prekrasan mre\u017eni\u010dki slap, tik uz bok rijeke, obe\u0107ava \u010dudesan osje\u0107aj svakom gostu \u017eeljnom dotaknuti \u010dari iskonske i netaknute prirode.Atmosfera profinjenosti [&hellip;]<\/p>\n","protected":false},"author":1,"featured_media":0,"parent":0,"menu_order":0,"comment_status":"closed","ping_status":"closed","template":"","meta":[],"categories":[],"tags":[],"_links":{"self":[{"href":"http:\/\/www.riveraj.hr\/index.php?rest_route=\/wp\/v2\/pages\/10059"}],"collection":[{"href":"http:\/\/www.riveraj.hr\/index.php?rest_route=\/wp\/v2\/pages"}],"about":[{"href":"http:\/\/www.riveraj.hr\/index.php?rest_route=\/wp\/v2\/types\/page"}],"author":[{"embeddable":true,"href":"http:\/\/www.riveraj.hr\/index.php?rest_route=\/wp\/v2\/users\/1"}],"replies":[{"embeddable":true,"href":"http:\/\/www.riveraj.hr\/index.php?rest_route=%2Fwp%2Fv2%2Fcomments&post=10059"}],"version-history":[{"count":15,"href":"http:\/\/www.riveraj.hr\/index.php?rest_route=\/wp\/v2\/pages\/10059\/revisions"}],"predecessor-version":[{"id":10222,"href":"http:\/\/www.riveraj.hr\/index.php?rest_route=\/wp\/v2\/pages\/10059\/revisions\/10222"}],"wp:attachment":[{"href":"http:\/\/www.riveraj.hr\/index.php?rest_route=%2Fwp%2Fv2%2Fmedia&parent=10059"}],"wp:term":[{"taxonomy":"category","embeddable":true,"href":"http:\/\/www.riveraj.hr\/index.php?rest_route=%2Fwp%2Fv2%2Fcategories&post=10059"},{"taxonomy":"post_tag","embeddable":true,"href":"http:\/\/www.riveraj.hr\/index.php?rest_route=%2Fwp%2Fv2%2Ftags&post=10059"}],"curies":[{"name":"wp","href":"https:\/\/api.w.org\/{rel}","templated":true}]}}