{"id":10069,"date":"2014-10-31T12:49:46","date_gmt":"2014-10-31T12:49:46","guid":{"rendered":"http:\/\/www.riveraj.hr\/?page_id=10069"},"modified":"2019-08-18T20:00:31","modified_gmt":"2019-08-18T20:00:31","slug":"o-riveraju","status":"publish","type":"page","link":"http:\/\/www.riveraj.hr\/?page_id=10069&lang=hr","title":{"rendered":"O riveraju"},"content":{"rendered":"<div id=\"pg-10069-0\"  class=\"panel-grid\" ><div class=\"panel-grid-core\"><div id=\"pgc-10069-0-0\"  class=\"panel-grid-cell \" ><div class=\"panel-widget-style\" ><div class=\"animated start-fadeIn\" title=\"1\"><p><span style=\"color: #000000;\">Luksuzna drvena ku\u0107a od 130 m2, namjenjena za odmor 6 \u2013 8 osoba.<\/span><\/p><p><span style=\"color: #000000;\">Unutra\u0161njost riveRaja \u010dine:<\/span><br \/><span style=\"color: #000000;\">\u2022 Dnevni boravak s kaminom<\/span><br \/><span style=\"color: #000000;\">\u2022 Moderno opremljena kuhinja<\/span><br \/><span style=\"color: #000000;\">\u2022 Blagovaona s 2 jeda\u0107a stola<\/span><br \/><span style=\"color: #000000;\">\u2022 3 spava\u0107e sobe, svaka sa po 2 le\u017eaja<\/span><br \/><span style=\"color: #000000;\">\u2022 2 kupaonice s wc-om<\/span><\/p><p><span style=\"color: #000000;\">Dvije terase s pogledom na Mre\u017enicu:<\/span><br \/><span style=\"color: #000000;\">\u2022 Terasa s jacuzzijem i le\u017ealjkama<\/span><br \/><span style=\"color: #000000;\">\u2022 Terasa s ro\u0161tiljem, kru\u0161nom pe\u0107i, ra\u017enjom i stolom za objedovanje i klupama za odmor<\/span><\/p><p>Oku\u0107nica:<br \/>\u2022 8 parkirnih mjesta<br \/>\u2022 Ko\u0161 za ko\u0161arku<br \/>\u2022 Dje\u010dje igrali\u0161te s klupama<br \/>\u2022 Travnjak s klupama<br \/>\u2022 Trampolin<br \/>\u2022 Rije\u010dni \u010damac na vesla<\/p><p><span style=\"color: #000000;\">Dodatne pogodnosti:<\/span><br \/><span style=\"color: #000000;\">\u2022 Be\u017ei\u010dni internet<\/span><br \/><span style=\"color: #000000;\">\u2022 Satelitska TV<\/span><\/p><p>Mogu\u0107nost organizacije raznih aktivnosti i dodatnih usluga:<br \/>\u2022 Rafting<br \/>\u2022 Tenis tereni (5km)<br \/>\u2022 Najam bicikala<br \/>\u2022 Ribolovna dozvola<br \/>\u2022 Najam kuhara<br \/>\u2022 Catering<\/p><p><span style=\"color: #000000;\">\u00a0<\/span><\/p><p><span style=\"color: #000000;\">\u00a0<\/span><\/p><\/div><div class=\"clearboth\"><\/div><\/div><\/div><div id=\"pgc-10069-0-1\"  class=\"panel-grid-cell\" ><div class=\"panel-widget-style\" ><p style=\"\"><img src=\"http:\/\/www.riveraj.hr\/wp-content\/uploads\/2014\/10\/Kuca_odozdo.jpg\" alt=\"\" style=\"\" \/><\/p><\/div><\/div><\/div><\/div>","protected":false},"excerpt":{"rendered":"<p>Luksuzna drvena ku\u0107a od 130 m2, namjenjena za odmor 6 \u2013 8 osoba.Unutra\u0161njost riveRaja \u010dine:\u2022 Dnevni boravak s kaminom\u2022 Moderno opremljena kuhinja\u2022 Blagovaona s 2 jeda\u0107a stola\u2022 3 spava\u0107e sobe, svaka sa po 2 le\u017eaja\u2022 2 kupaonice s wc-omDvije terase s pogledom na Mre\u017enicu:\u2022 Terasa s jacuzzijem i le\u017ealjkama\u2022 Terasa s ro\u0161tiljem, kru\u0161nom pe\u0107i, ra\u017enjom [&hellip;]<\/p>\n","protected":false},"author":1,"featured_media":0,"parent":0,"menu_order":0,"comment_status":"closed","ping_status":"closed","template":"","meta":[],"categories":[],"tags":[],"_links":{"self":[{"href":"http:\/\/www.riveraj.hr\/index.php?rest_route=\/wp\/v2\/pages\/10069"}],"collection":[{"href":"http:\/\/www.riveraj.hr\/index.php?rest_route=\/wp\/v2\/pages"}],"about":[{"href":"http:\/\/www.riveraj.hr\/index.php?rest_route=\/wp\/v2\/types\/page"}],"author":[{"embeddable":true,"href":"http:\/\/www.riveraj.hr\/index.php?rest_route=\/wp\/v2\/users\/1"}],"replies":[{"embeddable":true,"href":"http:\/\/www.riveraj.hr\/index.php?rest_route=%2Fwp%2Fv2%2Fcomments&post=10069"}],"version-history":[{"count":13,"href":"http:\/\/www.riveraj.hr\/index.php?rest_route=\/wp\/v2\/pages\/10069\/revisions"}],"predecessor-version":[{"id":10165,"href":"http:\/\/www.riveraj.hr\/index.php?rest_route=\/wp\/v2\/pages\/10069\/revisions\/10165"}],"wp:attachment":[{"href":"http:\/\/www.riveraj.hr\/index.php?rest_route=%2Fwp%2Fv2%2Fmedia&parent=10069"}],"wp:term":[{"taxonomy":"category","embeddable":true,"href":"http:\/\/www.riveraj.hr\/index.php?rest_route=%2Fwp%2Fv2%2Fcategories&post=10069"},{"taxonomy":"post_tag","embeddable":true,"href":"http:\/\/www.riveraj.hr\/index.php?rest_route=%2Fwp%2Fv2%2Ftags&post=10069"}],"curies":[{"name":"wp","href":"https:\/\/api.w.org\/{rel}","templated":true}]}}