{"id":10215,"date":"2014-11-17T16:47:55","date_gmt":"2014-11-17T16:47:55","guid":{"rendered":"http:\/\/www.riveraj.hr\/?page_id=10215"},"modified":"2019-08-18T19:21:44","modified_gmt":"2019-08-18T19:21:44","slug":"10215-2","status":"publish","type":"page","link":"http:\/\/www.riveraj.hr\/?page_id=10215&lang=hr","title":{"rendered":"riveRaj u medijima"},"content":{"rendered":"<div id=\"pg-10215-0\"  class=\"panel-grid\" ><div class=\"panel-grid-core\"><div id=\"pgc-10215-0-0\"  class=\"panel-grid-cell \" ><div class=\"panel-widget-style\" ><h1 style=\"font-style: normal;\"><span>Emisija \"Putem EU fondova\"<\/span><\/h1><\/div><\/div><\/div><\/div><div id=\"pg-10215-1\"  class=\"panel-grid\" ><div class=\"panel-grid-core\"><div id=\"pgc-10215-1-0\"  class=\"panel-grid-cell \" ><\/div><div id=\"pgc-10215-1-1\"  class=\"panel-grid-cell\" ><div class=\"panel-widget-style\" ><iframe width=\"1140\" height=\"641\" src=\"https:\/\/www.youtube.com\/embed\/al0wwsENmg4?feature=oembed\" frameborder=\"0\" allowfullscreen><\/iframe><\/div><\/div><div id=\"pgc-10215-1-2\"  class=\"panel-grid-cell \" ><\/div><\/div><\/div><div id=\"pg-10215-2\"  class=\"panel-grid\" ><div class=\"panel-grid-core\"><div id=\"pgc-10215-2-0\"  class=\"panel-grid-cell \" ><div class=\"panel-widget-style\" style=\"background: url(&quot;false&quot;) !important; background-position: left top !important; background-repeat: repeat !important; background-size: auto !important; background-attachment: scroll !important;\" ><h1 style=\"font-style: normal;\"><span>Emisija \"Turizam.hrt\"<\/span><\/h1><\/div><\/div><\/div><\/div><div id=\"pg-10215-3\"  class=\"panel-grid\" ><div class=\"panel-grid-core\"><div id=\"pgc-10215-3-0\"  class=\"panel-grid-cell \" ><\/div><div id=\"pgc-10215-3-1\"  class=\"panel-grid-cell\" ><div class=\"panel-widget-style\" ><iframe title=\"Riveraj - ku\u0107a za odmor na rijeci Mre\u017enici, Gornji Zve\u010daj 164a\" width=\"1140\" height=\"641\" src=\"https:\/\/www.youtube.com\/embed\/--JhJ-Nlfkc?feature=oembed\" frameborder=\"0\" allow=\"accelerometer; autoplay; encrypted-media; gyroscope; picture-in-picture\" allowfullscreen><\/iframe><\/div><\/div><div id=\"pgc-10215-3-2\"  class=\"panel-grid-cell \" ><\/div><\/div><\/div><div id=\"pg-10215-4\"  class=\"panel-grid\" ><div class=\"panel-grid-core\"><div id=\"pgc-10215-4-0\"  class=\"panel-grid-cell \" ><div class=\"panel-widget-style\" ><h1 style=\"font-style: normal;\"><span>Web portali<\/span><\/h1><\/div><\/div><\/div><\/div><div id=\"pg-10215-5\"  class=\"panel-grid\" ><div class=\"panel-grid-core\"><div id=\"pgc-10215-5-0\"  class=\"panel-grid-cell \" ><\/div><div id=\"pgc-10215-5-1\"  class=\"panel-grid-cell\" ><div class=\"panel-widget-style\" ><div class=\"animated start-bounceIn\" title=\"0\"><p><span style=\"color: #000000;\">*\u00a0<strong><a style=\"color: #000000;\" href=\"http:\/\/www.journal.hr\/kuca-riveraj-na-rijeci-mreznici\/\">journal.hr<\/a><\/strong><\/span><\/p><p>* <span style=\"color: #000000;\"><strong><a style=\"color: #000000;\" href=\"http:\/\/domidizajn.jutarnji.hr\/pravi-mali-raj-za-odmor-na-mreznici\/\">domidizajn.jutarnji.hr<\/a><\/strong><\/span><\/p><\/div><div class=\"clearboth\"><\/div><\/div><\/div><div id=\"pgc-10215-5-2\"  class=\"panel-grid-cell \" ><\/div><\/div><\/div>","protected":false},"excerpt":{"rendered":"<p>Emisija &#8220;Putem EU fondova&#8221;Emisija &#8220;Turizam.hrt&#8221;Web portali*\u00a0journal.hr* domidizajn.jutarnji.hr<\/p>\n","protected":false},"author":1,"featured_media":0,"parent":0,"menu_order":0,"comment_status":"closed","ping_status":"closed","template":"","meta":[],"categories":[],"tags":[],"_links":{"self":[{"href":"http:\/\/www.riveraj.hr\/index.php?rest_route=\/wp\/v2\/pages\/10215"}],"collection":[{"href":"http:\/\/www.riveraj.hr\/index.php?rest_route=\/wp\/v2\/pages"}],"about":[{"href":"http:\/\/www.riveraj.hr\/index.php?rest_route=\/wp\/v2\/types\/page"}],"author":[{"embeddable":true,"href":"http:\/\/www.riveraj.hr\/index.php?rest_route=\/wp\/v2\/users\/1"}],"replies":[{"embeddable":true,"href":"http:\/\/www.riveraj.hr\/index.php?rest_route=%2Fwp%2Fv2%2Fcomments&post=10215"}],"version-history":[{"count":30,"href":"http:\/\/www.riveraj.hr\/index.php?rest_route=\/wp\/v2\/pages\/10215\/revisions"}],"predecessor-version":[{"id":10591,"href":"http:\/\/www.riveraj.hr\/index.php?rest_route=\/wp\/v2\/pages\/10215\/revisions\/10591"}],"wp:attachment":[{"href":"http:\/\/www.riveraj.hr\/index.php?rest_route=%2Fwp%2Fv2%2Fmedia&parent=10215"}],"wp:term":[{"taxonomy":"category","embeddable":true,"href":"http:\/\/www.riveraj.hr\/index.php?rest_route=%2Fwp%2Fv2%2Fcategories&post=10215"},{"taxonomy":"post_tag","embeddable":true,"href":"http:\/\/www.riveraj.hr\/index.php?rest_route=%2Fwp%2Fv2%2Ftags&post=10215"}],"curies":[{"name":"wp","href":"https:\/\/api.w.org\/{rel}","templated":true}]}}