{"id":2116,"date":"2014-01-22T19:36:40","date_gmt":"2014-01-22T19:36:40","guid":{"rendered":"http:\/\/localhost\/thinkupthemes_design\/?page_id=2116"},"modified":"2015-10-12T10:14:17","modified_gmt":"2015-10-12T10:14:17","slug":"home-minamaze","status":"publish","type":"page","link":"https:\/\/www.riveraj.hr\/?page_id=2116&lang=hr","title":{"rendered":"Home Minamaze"},"content":{"rendered":"<div id=\"pg-2116-0\"  class=\"panel-grid\" ><div class=\"panel-grid-core\"><div id=\"pgc-2116-0-0\"  class=\"panel-grid-cell\" ><div class=\"panel-widget-style\" ><p><a href=\"http:\/\/www.riveraj.hr\/?page_id=10059\"><img width=\"400\" height=\"157\" src=\"https:\/\/www.riveraj.hr\/wp-content\/uploads\/2014\/11\/Dobrodosli.jpg\" class=\"attachment-full size-full\" alt=\"\" loading=\"lazy\" srcset=\"https:\/\/www.riveraj.hr\/wp-content\/uploads\/2014\/11\/Dobrodosli.jpg 400w, https:\/\/www.riveraj.hr\/wp-content\/uploads\/2014\/11\/Dobrodosli-300x117.jpg 300w\" sizes=\"(max-width: 400px) 100vw, 400px\" \/><\/a><\/p><p>Posjetite nas u luksuzno ure\u0111enoj drvenoj ku\u0107i za va\u0161 odmor<\/p>\n<\/div><\/div><div id=\"pgc-2116-0-1\"  class=\"panel-grid-cell\" ><div class=\"panel-widget-style\" ><p><a href=\"http:\/\/www.riveraj.hr\/?page_id=10069\"><img width=\"400\" height=\"157\" src=\"https:\/\/www.riveraj.hr\/wp-content\/uploads\/2014\/11\/O-riveraju.jpg\" class=\"attachment-full size-full\" alt=\"\" loading=\"lazy\" srcset=\"https:\/\/www.riveraj.hr\/wp-content\/uploads\/2014\/11\/O-riveraju.jpg 400w, https:\/\/www.riveraj.hr\/wp-content\/uploads\/2014\/11\/O-riveraju-300x117.jpg 300w\" sizes=\"(max-width: 400px) 100vw, 400px\" \/><\/a><\/p><p>Upoznajte komfornu unutra\u0161njost riveRaja i prostranu oku\u0107nicu vje\u0161to sjedinjenu s prirodom <\/p>\n<\/div><\/div><div id=\"pgc-2116-0-2\"  class=\"panel-grid-cell\" ><div class=\"panel-widget-style\" ><p><a href=\"http:\/\/www.riveraj.hr\/?page_id=10139\"><img width=\"400\" height=\"157\" src=\"https:\/\/www.riveraj.hr\/wp-content\/uploads\/2014\/01\/Riveraj-i-priroda.jpg\" class=\"attachment-full size-full\" alt=\"\" loading=\"lazy\" srcset=\"https:\/\/www.riveraj.hr\/wp-content\/uploads\/2014\/01\/Riveraj-i-priroda.jpg 400w, https:\/\/www.riveraj.hr\/wp-content\/uploads\/2014\/01\/Riveraj-i-priroda-300x117.jpg 300w\" sizes=\"(max-width: 400px) 100vw, 400px\" \/><\/a><\/p><p>Pro\u0161etajte kroz trenutke zaustavljene objektivom i upoznajte ljepotu ovog rije\u010dnog raja<\/p>\n<\/div><\/div><div id=\"pgc-2116-0-3\"  class=\"panel-grid-cell\" ><div class=\"panel-widget-style\" ><p><a href=\"http:\/\/www.riveraj.hr\/?page_id=10215\"><img width=\"400\" height=\"158\" src=\"https:\/\/www.riveraj.hr\/wp-content\/uploads\/2014\/01\/Riveraj-u-medijima.jpg\" class=\"attachment-full size-full\" alt=\"\" loading=\"lazy\" srcset=\"https:\/\/www.riveraj.hr\/wp-content\/uploads\/2014\/01\/Riveraj-u-medijima.jpg 400w, https:\/\/www.riveraj.hr\/wp-content\/uploads\/2014\/01\/Riveraj-u-medijima-300x119.jpg 300w, https:\/\/www.riveraj.hr\/wp-content\/uploads\/2014\/01\/Riveraj-u-medijima-285x114.jpg 285w\" sizes=\"(max-width: 400px) 100vw, 400px\" \/><\/a><\/p><p>Emisija \"Putem europskih fondova\" - Izgradnja i opremanje ku\u0107e za odmor \"riveRaj\" u Gornjem Zve\u010daju<\/p>\n<\/div><\/div><\/div><\/div>","protected":false},"excerpt":{"rendered":"<p>Posjetite nas u luksuzno ure\u0111enoj drvenoj ku\u0107i za va\u0161 odmor Upoznajte komfornu unutra\u0161njost riveRaja i prostranu oku\u0107nicu vje\u0161to sjedinjenu s prirodom Pro\u0161etajte kroz trenutke zaustavljene objektivom i upoznajte ljepotu ovog rije\u010dnog raja Emisija &#8220;Putem europskih fondova&#8221; &#8211; Izgradnja i opremanje ku\u0107e za odmor &#8220;riveRaj&#8221; u Gornjem Zve\u010daju<\/p>\n","protected":false},"author":1,"featured_media":20,"parent":0,"menu_order":0,"comment_status":"closed","ping_status":"closed","template":"template-parallax.php","meta":[],"categories":[],"tags":[],"_links":{"self":[{"href":"https:\/\/www.riveraj.hr\/index.php?rest_route=\/wp\/v2\/pages\/2116"}],"collection":[{"href":"https:\/\/www.riveraj.hr\/index.php?rest_route=\/wp\/v2\/pages"}],"about":[{"href":"https:\/\/www.riveraj.hr\/index.php?rest_route=\/wp\/v2\/types\/page"}],"author":[{"embeddable":true,"href":"https:\/\/www.riveraj.hr\/index.php?rest_route=\/wp\/v2\/users\/1"}],"replies":[{"embeddable":true,"href":"https:\/\/www.riveraj.hr\/index.php?rest_route=%2Fwp%2Fv2%2Fcomments&post=2116"}],"version-history":[{"count":63,"href":"https:\/\/www.riveraj.hr\/index.php?rest_route=\/wp\/v2\/pages\/2116\/revisions"}],"predecessor-version":[{"id":10447,"href":"https:\/\/www.riveraj.hr\/index.php?rest_route=\/wp\/v2\/pages\/2116\/revisions\/10447"}],"wp:featuredmedia":[{"embeddable":true,"href":"https:\/\/www.riveraj.hr\/index.php?rest_route=\/wp\/v2\/media\/20"}],"wp:attachment":[{"href":"https:\/\/www.riveraj.hr\/index.php?rest_route=%2Fwp%2Fv2%2Fmedia&parent=2116"}],"wp:term":[{"taxonomy":"category","embeddable":true,"href":"https:\/\/www.riveraj.hr\/index.php?rest_route=%2Fwp%2Fv2%2Fcategories&post=2116"},{"taxonomy":"post_tag","embeddable":true,"href":"https:\/\/www.riveraj.hr\/index.php?rest_route=%2Fwp%2Fv2%2Ftags&post=2116"}],"curies":[{"name":"wp","href":"https:\/\/api.w.org\/{rel}","templated":true}]}}